{"id":23,"date":"2020-06-03T13:20:43","date_gmt":"2020-06-03T10:20:43","guid":{"rendered":"http:\/\/demo.safirtema.com\/rota\/?page_id=23"},"modified":"2023-07-15T21:09:00","modified_gmt":"2023-07-15T18:09:00","slug":"cozum-ortaklari","status":"publish","type":"page","link":"https:\/\/www.smuzmandogalgaz.com.tr\/index.php\/cozum-ortaklari\/","title":{"rendered":"\u00c7\u00f6z\u00fcm Ortaklar\u0131"},"content":{"rendered":"\n<figure class=\"wp-block-gallery has-nested-images columns-default is-cropped wp-block-gallery-1 is-layout-flex wp-block-gallery-is-layout-flex\">\n<figure class=\"wp-block-image size-full\"><img loading=\"lazy\" decoding=\"async\" width=\"1024\" height=\"512\" data-id=\"404\" src=\"https:\/\/www.smuzmandogalgaz.com.tr\/wp-content\/uploads\/2023\/07\/bosch.png\" alt=\"\" class=\"wp-image-404\" srcset=\"https:\/\/www.smuzmandogalgaz.com.tr\/wp-content\/uploads\/2023\/07\/bosch.png 1024w, https:\/\/www.smuzmandogalgaz.com.tr\/wp-content\/uploads\/2023\/07\/bosch-300x150.png 300w, https:\/\/www.smuzmandogalgaz.com.tr\/wp-content\/uploads\/2023\/07\/bosch-768x384.png 768w\" sizes=\"auto, (max-width: 1024px) 100vw, 1024px\" \/><\/figure>\n\n\n\n<figure class=\"wp-block-image size-full\"><img loading=\"lazy\" decoding=\"async\" width=\"1024\" height=\"512\" data-id=\"405\" src=\"https:\/\/www.smuzmandogalgaz.com.tr\/wp-content\/uploads\/2023\/07\/buderus.png\" alt=\"\" class=\"wp-image-405\" srcset=\"https:\/\/www.smuzmandogalgaz.com.tr\/wp-content\/uploads\/2023\/07\/buderus.png 1024w, https:\/\/www.smuzmandogalgaz.com.tr\/wp-content\/uploads\/2023\/07\/buderus-300x150.png 300w, https:\/\/www.smuzmandogalgaz.com.tr\/wp-content\/uploads\/2023\/07\/buderus-768x384.png 768w\" sizes=\"auto, (max-width: 1024px) 100vw, 1024px\" \/><\/figure>\n\n\n\n<figure class=\"wp-block-image size-full\"><img loading=\"lazy\" decoding=\"async\" width=\"1024\" height=\"512\" data-id=\"406\" src=\"https:\/\/www.smuzmandogalgaz.com.tr\/wp-content\/uploads\/2023\/07\/eca.png\" alt=\"\" class=\"wp-image-406\" srcset=\"https:\/\/www.smuzmandogalgaz.com.tr\/wp-content\/uploads\/2023\/07\/eca.png 1024w, https:\/\/www.smuzmandogalgaz.com.tr\/wp-content\/uploads\/2023\/07\/eca-300x150.png 300w, https:\/\/www.smuzmandogalgaz.com.tr\/wp-content\/uploads\/2023\/07\/eca-768x384.png 768w\" sizes=\"auto, (max-width: 1024px) 100vw, 1024px\" \/><\/figure>\n\n\n\n<figure class=\"wp-block-image size-full\"><img loading=\"lazy\" decoding=\"async\" width=\"1024\" height=\"512\" data-id=\"407\" src=\"https:\/\/www.smuzmandogalgaz.com.tr\/wp-content\/uploads\/2023\/07\/demirdokum.png\" alt=\"\" class=\"wp-image-407\" srcset=\"https:\/\/www.smuzmandogalgaz.com.tr\/wp-content\/uploads\/2023\/07\/demirdokum.png 1024w, https:\/\/www.smuzmandogalgaz.com.tr\/wp-content\/uploads\/2023\/07\/demirdokum-300x150.png 300w, https:\/\/www.smuzmandogalgaz.com.tr\/wp-content\/uploads\/2023\/07\/demirdokum-768x384.png 768w\" sizes=\"auto, (max-width: 1024px) 100vw, 1024px\" \/><\/figure>\n\n\n\n<figure class=\"wp-block-image size-full\"><img loading=\"lazy\" decoding=\"async\" width=\"1024\" height=\"512\" data-id=\"409\" src=\"https:\/\/www.smuzmandogalgaz.com.tr\/wp-content\/uploads\/2023\/07\/rota.png\" alt=\"\" class=\"wp-image-409\" srcset=\"https:\/\/www.smuzmandogalgaz.com.tr\/wp-content\/uploads\/2023\/07\/rota.png 1024w, https:\/\/www.smuzmandogalgaz.com.tr\/wp-content\/uploads\/2023\/07\/rota-300x150.png 300w, https:\/\/www.smuzmandogalgaz.com.tr\/wp-content\/uploads\/2023\/07\/rota-768x384.png 768w\" sizes=\"auto, (max-width: 1024px) 100vw, 1024px\" \/><\/figure>\n\n\n\n<figure class=\"wp-block-image size-full\"><img loading=\"lazy\" decoding=\"async\" width=\"1024\" height=\"512\" data-id=\"410\" src=\"https:\/\/www.smuzmandogalgaz.com.tr\/wp-content\/uploads\/2023\/07\/vaillant.png\" alt=\"\" class=\"wp-image-410\" srcset=\"https:\/\/www.smuzmandogalgaz.com.tr\/wp-content\/uploads\/2023\/07\/vaillant.png 1024w, https:\/\/www.smuzmandogalgaz.com.tr\/wp-content\/uploads\/2023\/07\/vaillant-300x150.png 300w, https:\/\/www.smuzmandogalgaz.com.tr\/wp-content\/uploads\/2023\/07\/vaillant-768x384.png 768w\" sizes=\"auto, (max-width: 1024px) 100vw, 1024px\" \/><\/figure>\n\n\n\n<figure class=\"wp-block-image size-full\"><img loading=\"lazy\" decoding=\"async\" width=\"1024\" height=\"512\" data-id=\"411\" src=\"https:\/\/www.smuzmandogalgaz.com.tr\/wp-content\/uploads\/2023\/07\/lg.png\" alt=\"\" class=\"wp-image-411\" srcset=\"https:\/\/www.smuzmandogalgaz.com.tr\/wp-content\/uploads\/2023\/07\/lg.png 1024w, https:\/\/www.smuzmandogalgaz.com.tr\/wp-content\/uploads\/2023\/07\/lg-300x150.png 300w, https:\/\/www.smuzmandogalgaz.com.tr\/wp-content\/uploads\/2023\/07\/lg-768x384.png 768w\" sizes=\"auto, (max-width: 1024px) 100vw, 1024px\" \/><\/figure>\n\n\n\n<figure class=\"wp-block-image size-full\"><img loading=\"lazy\" decoding=\"async\" width=\"1024\" height=\"512\" data-id=\"412\" src=\"https:\/\/www.smuzmandogalgaz.com.tr\/wp-content\/uploads\/2023\/07\/danfoss.png\" alt=\"\" class=\"wp-image-412\" srcset=\"https:\/\/www.smuzmandogalgaz.com.tr\/wp-content\/uploads\/2023\/07\/danfoss.png 1024w, https:\/\/www.smuzmandogalgaz.com.tr\/wp-content\/uploads\/2023\/07\/danfoss-300x150.png 300w, https:\/\/www.smuzmandogalgaz.com.tr\/wp-content\/uploads\/2023\/07\/danfoss-768x384.png 768w\" sizes=\"auto, (max-width: 1024px) 100vw, 1024px\" \/><\/figure>\n\n\n\n<figure class=\"wp-block-image size-full\"><img loading=\"lazy\" decoding=\"async\" width=\"1024\" height=\"512\" data-id=\"413\" src=\"https:\/\/www.smuzmandogalgaz.com.tr\/wp-content\/uploads\/2023\/07\/radiva.png\" alt=\"\" class=\"wp-image-413\" srcset=\"https:\/\/www.smuzmandogalgaz.com.tr\/wp-content\/uploads\/2023\/07\/radiva.png 1024w, https:\/\/www.smuzmandogalgaz.com.tr\/wp-content\/uploads\/2023\/07\/radiva-300x150.png 300w, https:\/\/www.smuzmandogalgaz.com.tr\/wp-content\/uploads\/2023\/07\/radiva-768x384.png 768w\" sizes=\"auto, (max-width: 1024px) 100vw, 1024px\" \/><\/figure>\n<\/figure>\n","protected":false},"excerpt":{"rendered":"","protected":false},"author":1,"featured_media":0,"parent":0,"menu_order":0,"comment_status":"closed","ping_status":"closed","template":"pages\/page-references.php","meta":{"footnotes":""},"class_list":["post-23","page","type-page","status-publish","hentry"],"aioseo_notices":[],"_links":{"self":[{"href":"https:\/\/www.smuzmandogalgaz.com.tr\/index.php\/wp-json\/wp\/v2\/pages\/23","targetHints":{"allow":["GET"]}}],"collection":[{"href":"https:\/\/www.smuzmandogalgaz.com.tr\/index.php\/wp-json\/wp\/v2\/pages"}],"about":[{"href":"https:\/\/www.smuzmandogalgaz.com.tr\/index.php\/wp-json\/wp\/v2\/types\/page"}],"author":[{"embeddable":true,"href":"https:\/\/www.smuzmandogalgaz.com.tr\/index.php\/wp-json\/wp\/v2\/users\/1"}],"replies":[{"embeddable":true,"href":"https:\/\/www.smuzmandogalgaz.com.tr\/index.php\/wp-json\/wp\/v2\/comments?post=23"}],"version-history":[{"count":5,"href":"https:\/\/www.smuzmandogalgaz.com.tr\/index.php\/wp-json\/wp\/v2\/pages\/23\/revisions"}],"predecessor-version":[{"id":414,"href":"https:\/\/www.smuzmandogalgaz.com.tr\/index.php\/wp-json\/wp\/v2\/pages\/23\/revisions\/414"}],"wp:attachment":[{"href":"https:\/\/www.smuzmandogalgaz.com.tr\/index.php\/wp-json\/wp\/v2\/media?parent=23"}],"curies":[{"name":"wp","href":"https:\/\/api.w.org\/{rel}","templated":true}]}}